{"id":121,"date":"2017-04-14T17:27:18","date_gmt":"2017-04-14T21:27:18","guid":{"rendered":"https:\/\/montrealtenniscoach.com\/about\/"},"modified":"2025-04-12T13:49:03","modified_gmt":"2025-04-12T17:49:03","slug":"about","status":"publish","type":"page","link":"https:\/\/montrealtenniscoach.com\/fr\/about\/","title":{"rendered":"\u00c0 propos"},"content":{"rendered":"<div class=\"wpb-content-wrapper\"><p>[vc_row css_animation=\u00a0\u00bb\u00a0\u00bb row_type=\u00a0\u00bbrow\u00a0\u00bb use_row_as_full_screen_section=\u00a0\u00bbno\u00a0\u00bb type=\u00a0\u00bbfull_width\u00a0\u00bb angled_section=\u00a0\u00bbno\u00a0\u00bb text_align=\u00a0\u00bbleft\u00a0\u00bb background_image_as_pattern=\u00a0\u00bbwithout_pattern\u00a0\u00bb][vc_column][vc_column_text]\u00a0[\/vc_column_text][\/vc_column][\/vc_row][vc_row css_animation=\u00a0\u00bb\u00a0\u00bb row_type=\u00a0\u00bbrow\u00a0\u00bb use_row_as_full_screen_section=\u00a0\u00bbno\u00a0\u00bb type=\u00a0\u00bbfull_width\u00a0\u00bb angled_section=\u00a0\u00bbno\u00a0\u00bb text_align=\u00a0\u00bbleft\u00a0\u00bb background_image_as_pattern=\u00a0\u00bbwithout_pattern\u00a0\u00bb css=\u00a0\u00bb.vc_custom_1504202492866{padding-bottom: 60px !important;}\u00a0\u00bb][vc_column][vc_row_inner row_type=\u00a0\u00bbrow\u00a0\u00bb type=\u00a0\u00bbgrid\u00a0\u00bb text_align=\u00a0\u00bbleft\u00a0\u00bb css_animation=\u00a0\u00bb\u00a0\u00bb][vc_column_inner width=\u00a0\u00bb2\/3&Prime;][vc_column_text]<\/p>\n<h2>D\u00e9couvrez mon parcours : De la passion \u00e0 l&rsquo;excellence dans l&rsquo;entra\u00eenement<\/h2>\n<p>[\/vc_column_text][vc_column_text]<\/p>\n<p class=\"\" data-start=\"86\" data-end=\"530\">Bonjour, je m\u2019appelle Laurent Suissa, et mon parcours au tennis a commenc\u00e9 \u00e0 l\u2019\u00e2ge de sept ans. Cette passion pr\u00e9coce pour le sport m\u2019a men\u00e9 l\u00e0 o\u00f9 je suis aujourd\u2019hui : entra\u00eeneur certifi\u00e9 par la United States Tennis Association (USTA) et ancien joueur junior class\u00e9 au Qu\u00e9bec. Depuis plus de dix ans, je me consacre enti\u00e8rement \u00e0 l\u2019enseignement du tennis, partageant mon amour et mes connaissances du jeu avec des \u00e9l\u00e8ves de 3 ans et plus.<\/p>\n<p class=\"\" data-start=\"532\" data-end=\"890\">Au cours de mon d\u00e9veloppement comme joueur, j\u2019ai eu le privil\u00e8ge d\u2019\u00eatre entra\u00een\u00e9 par certains des meilleurs experts du tennis au Canada \u2014 y compris l\u2019ancien entra\u00eeneur de F\u00e9lix Auger-Aliassime, Milos Raonic et d\u2019autres professionnels canadiens \u2014 ce qui m\u2019a permis d\u2019acqu\u00e9rir une experience unique qui influence aujourd\u2019hui ma propre philosophie en tant qu&rsquo;entreneur.<\/p>\n<p class=\"\" data-start=\"892\" data-end=\"1260\">Mon approche va bien au-del\u00e0 de la technique et des comp\u00e9tences physiques. Conscient de l\u2019importance de la force mentale dans le sport, j\u2019ai compl\u00e9t\u00e9 en 2021 un cours sur la pr\u00e9paration mentale des athl\u00e8tes \u00e0 l\u2019Universit\u00e9 Laval. Cela me permet de pr\u00e9parer mes clients non seulement aux exigences physiques du tennis, mais aussi aux d\u00e9fis mentaux li\u00e9s \u00e0 la comp\u00e9tition.<\/p>\n<p class=\"\" data-start=\"1262\" data-end=\"1473\">Pour moi, le tennis est bien plus qu\u2019un simple sport \u2014 c\u2019est un mode de vie. Et je suis ici pour partager ce chemin avec vous, afin de vous aider \u00e0 r\u00e9aliser votre plein potentiel, sur le terrain comme en dehors.<\/p>\n<p class=\"\" data-start=\"1475\" data-end=\"1739\">Aujourd\u2019hui, je dirige une \u00e9quipe passionn\u00e9e d\u2019entra\u00eeneurs de tennis qualifi\u00e9s qui partagent mon engagement envers l\u2019excellence. Ensemble, nous offrons une exp\u00e9rience d\u2019entra\u00eenement personnalis\u00e9e et de grande qualit\u00e9, adapt\u00e9e \u00e0 tous les niveaux et \u00e0 tous les \u00e2ges.<\/p>\n<p class=\"\" data-start=\"1741\" data-end=\"1851\">Embarquons ensemble dans cette aventure, et transformons votre passion pour le tennis en v\u00e9ritable excellence.<\/p>\n<p>[\/vc_column_text][vc_empty_space][\/vc_column_inner][vc_column_inner el_class=\u00a0\u00bbtext-center\u00a0\u00bb width=\u00a0\u00bb1\/3&Prime;][vc_single_image image=\u00a0\u00bb349&Prime; img_size=\u00a0\u00bblarge\u00a0\u00bb alignment=\u00a0\u00bbcenter\u00a0\u00bb style=\u00a0\u00bbvc_box_outline_circle_2&Prime; border_color=\u00a0\u00bbgreen\u00a0\u00bb qode_css_animation=\u00a0\u00bb\u00a0\u00bb][vc_empty_space][\/vc_column_inner][\/vc_row_inner][\/vc_column][\/vc_row][vc_row css_animation=\u00a0\u00bb\u00a0\u00bb row_type=\u00a0\u00bbrow\u00a0\u00bb use_row_as_full_screen_section=\u00a0\u00bbno\u00a0\u00bb type=\u00a0\u00bbfull_width\u00a0\u00bb angled_section=\u00a0\u00bbno\u00a0\u00bb text_align=\u00a0\u00bbleft\u00a0\u00bb background_image_as_pattern=\u00a0\u00bbwithout_pattern\u00a0\u00bb z_index=\u00a0\u00bb\u00a0\u00bb background_color=\u00a0\u00bb#476323&Prime; css=\u00a0\u00bb.vc_custom_1712414262086{padding-top: 70px !important;padding-bottom: 70px !important;}\u00a0\u00bb][vc_column][vc_row_inner row_type=\u00a0\u00bbrow\u00a0\u00bb type=\u00a0\u00bbgrid\u00a0\u00bb text_align=\u00a0\u00bbleft\u00a0\u00bb css_animation=\u00a0\u00bb\u00a0\u00bb][vc_column_inner width=\u00a0\u00bb1\/3&Prime;]<div class=\"qode-info-card-with-icon\">\n    <div class=\"qode-icwi-image-icon-holder qode-start-icon-hover\">\n\t\t\t\t\t\t<div class=\"qode-icwi-icon-holder\">\n\t\t\t<span class=\"qode-icon-holder qode-icon-circle qode-icon-small\"   data-color=\"#476323\">\n\t\t\t\t<i class=\"qode_icon_font_awesome fa fa-bullseye qode-icon-element\" style=\"color:#476323\" ><\/i>\t\t\t<\/span>\n\t\t<\/div>\n\t\t\t<\/div>\n\t<div class=\"qode-icwi-text-holder\">\n\t\t\t\t\t<h3 class=\"qode-icwi-title\">\n\t\t\t\tMes Objectifs\t\t\t<\/h3>\n\t\t\t\t\t\t\t<p class=\"qode-icwi-text\">\n\t\t\t\tInspirer et nourrir un amour pour le tennis tout au long de la vie, favorisant la croissance et l&#039;excellence chez les joueurs de tous \u00e2ges.\t\t\t<\/p>\n\t\t\t<\/div>\n<\/div>[\/vc_column_inner][vc_column_inner width=\u00a0\u00bb1\/3&Prime;]<div class=\"qode-info-card-with-icon\">\n    <div class=\"qode-icwi-image-icon-holder qode-start-icon-hover\">\n\t\t\t\t\t\t<div class=\"qode-icwi-icon-holder\">\n\t\t\t<span class=\"qode-icon-holder qode-icon-circle qode-icon-small\"   data-color=\"#476323\">\n\t\t\t\t<i class=\"qode_icon_font_awesome fa fa-heart qode-icon-element\" style=\"color:#476323\" ><\/i>\t\t\t<\/span>\n\t\t<\/div>\n\t\t\t<\/div>\n\t<div class=\"qode-icwi-text-holder\">\n\t\t\t\t\t<h3 class=\"qode-icwi-title\">\n\t\t\t\tMes Valeurs\t\t\t<\/h3>\n\t\t\t\t\t\t\t<p class=\"qode-icwi-text\">\n\t\t\t\tL&#039;engagement, l&#039;int\u00e9grit\u00e9 et la passion guident chaque le\u00e7on, assurant un environnement respectueux et enrichissant pour tous.\t\t\t<\/p>\n\t\t\t<\/div>\n<\/div>[\/vc_column_inner][vc_column_inner width=\u00a0\u00bb1\/3&Prime;]<div class=\"qode-info-card-with-icon\">\n    <div class=\"qode-icwi-image-icon-holder qode-start-icon-hover\">\n\t\t\t\t\t\t<div class=\"qode-icwi-icon-holder\">\n\t\t\t<span class=\"qode-icon-holder qode-icon-circle qode-icon-small\"   data-color=\"#476323\">\n\t\t\t\t<i class=\"qode_icon_font_awesome fa fa-handshake-o qode-icon-element\" style=\"color:#476323\" ><\/i>\t\t\t<\/span>\n\t\t<\/div>\n\t\t\t<\/div>\n\t<div class=\"qode-icwi-text-holder\">\n\t\t\t\t\t<h3 class=\"qode-icwi-title\">\n\t\t\t\tMon Engagement\t\t\t<\/h3>\n\t\t\t\t\t\t\t<p class=\"qode-icwi-text\">\n\t\t\t\tD\u00e9di\u00e9 au d\u00e9veloppement personnel et athl\u00e9tique de chaque \u00e9l\u00e8ve, je promets une approche de l&#039;entra\u00eenement personnalis\u00e9e et holistique.\t\t\t<\/p>\n\t\t\t<\/div>\n<\/div>[\/vc_column_inner][\/vc_row_inner][\/vc_column][\/vc_row]<\/p>\n<\/div>","protected":false},"excerpt":{"rendered":"<p>[vc_row css_animation=\u00a0\u00bb\u00a0\u00bb row_type=\u00a0\u00bbrow\u00a0\u00bb use_row_as_full_screen_section=\u00a0\u00bbno\u00a0\u00bb type=\u00a0\u00bbfull_width\u00a0\u00bb angled_section=\u00a0\u00bbno\u00a0\u00bb text_align=\u00a0\u00bbleft\u00a0\u00bb background_image_as_pattern=\u00a0\u00bbwithout_pattern\u00a0\u00bb][vc_column][vc_column_text]\u00a0[\/vc_column_text][\/vc_column][\/vc_row][vc_row css_animation=\u00a0\u00bb\u00a0\u00bb row_type=\u00a0\u00bbrow\u00a0\u00bb use_row_as_full_screen_section=\u00a0\u00bbno\u00a0\u00bb type=\u00a0\u00bbfull_width\u00a0\u00bb angled_section=\u00a0\u00bbno\u00a0\u00bb text_align=\u00a0\u00bbleft\u00a0\u00bb background_image_as_pattern=\u00a0\u00bbwithout_pattern\u00a0\u00bb css=\u00a0\u00bb.vc_custom_1504202492866{padding-bottom: 60px !important;}\u00a0\u00bb][vc_column][vc_row_inner row_type=\u00a0\u00bbrow\u00a0\u00bb type=\u00a0\u00bbgrid\u00a0\u00bb text_align=\u00a0\u00bbleft\u00a0\u00bb css_animation=\u00a0\u00bb\u00a0\u00bb][vc_column_inner width=\u00a0\u00bb2\/3&Prime;][vc_column_text] D\u00e9couvrez mon parcours : De la passion \u00e0 l&rsquo;excellence dans l&rsquo;entra\u00eenement [\/vc_column_text][vc_column_text] Bonjour, je m\u2019appelle Laurent Suissa, et mon parcours au tennis&#8230;<\/p>\n","protected":false},"author":1,"featured_media":0,"parent":0,"menu_order":10,"comment_status":"closed","ping_status":"closed","template":"full_width.php","meta":{"footnotes":""},"_links":{"self":[{"href":"https:\/\/montrealtenniscoach.com\/fr\/wp-json\/wp\/v2\/pages\/121"}],"collection":[{"href":"https:\/\/montrealtenniscoach.com\/fr\/wp-json\/wp\/v2\/pages"}],"about":[{"href":"https:\/\/montrealtenniscoach.com\/fr\/wp-json\/wp\/v2\/types\/page"}],"author":[{"embeddable":true,"href":"https:\/\/montrealtenniscoach.com\/fr\/wp-json\/wp\/v2\/users\/1"}],"replies":[{"embeddable":true,"href":"https:\/\/montrealtenniscoach.com\/fr\/wp-json\/wp\/v2\/comments?post=121"}],"version-history":[{"count":12,"href":"https:\/\/montrealtenniscoach.com\/fr\/wp-json\/wp\/v2\/pages\/121\/revisions"}],"predecessor-version":[{"id":973,"href":"https:\/\/montrealtenniscoach.com\/fr\/wp-json\/wp\/v2\/pages\/121\/revisions\/973"}],"wp:attachment":[{"href":"https:\/\/montrealtenniscoach.com\/fr\/wp-json\/wp\/v2\/media?parent=121"}],"curies":[{"name":"wp","href":"https:\/\/api.w.org\/{rel}","templated":true}]}}