{"id":184,"date":"2017-08-31T18:37:15","date_gmt":"2017-08-31T22:37:15","guid":{"rendered":"https:\/\/montrealtenniscoach.com\/services\/"},"modified":"2025-04-12T15:10:05","modified_gmt":"2025-04-12T19:10:05","slug":"services","status":"publish","type":"page","link":"https:\/\/montrealtenniscoach.com\/fr\/services\/","title":{"rendered":"Services"},"content":{"rendered":"<div class=\"wpb-content-wrapper\"><p>[vc_row css_animation=\u00a0\u00bb\u00a0\u00bb row_type=\u00a0\u00bbrow\u00a0\u00bb use_row_as_full_screen_section=\u00a0\u00bbno\u00a0\u00bb type=\u00a0\u00bbfull_width\u00a0\u00bb angled_section=\u00a0\u00bbno\u00a0\u00bb text_align=\u00a0\u00bbleft\u00a0\u00bb background_image_as_pattern=\u00a0\u00bbwithout_pattern\u00a0\u00bb][vc_column][vc_row_inner row_type=\u00a0\u00bbrow\u00a0\u00bb type=\u00a0\u00bbgrid\u00a0\u00bb text_align=\u00a0\u00bbleft\u00a0\u00bb css_animation=\u00a0\u00bb\u00a0\u00bb][vc_column_inner][vc_column_text el_class=\u00a0\u00bbpromo\u00a0\u00bb]<\/p>\n<h3 class=\"\" style=\"text-align: center;\" data-start=\"139\" data-end=\"192\"><strong data-start=\"148\" data-end=\"190\">Offre Sp\u00e9ciale \u00e9t\u00e9 2025 \u2013 Forfait de 10 Le\u00e7ons<\/strong><\/h3>\n<p class=\"\" style=\"text-align: center;\" data-start=\"193\" data-end=\"383\">Faites passer votre jeu au niveau sup\u00e9rieur avec notre forfait de 10 le\u00e7ons !<br data-start=\"253\" data-end=\"256\" \/><strong data-start=\"256\" data-end=\"307\">Payez 9 le\u00e7ons \u00e0 l\u2019avance et recevez la 10e GRATUITEMENT.<\/strong><br data-start=\"307\" data-end=\"310\" \/>Id\u00e9al pour les joueurs motiv\u00e9s \u00e0 progresser \u2014 r\u00e9servez maintenant et \u00e9conomisez !<\/p>\n<p style=\"text-align: center;\" data-start=\"193\" data-end=\"383\">Disponible uniquement pour les services pour adultes et les ateliers de groupe list\u00e9s ci-dessous.<\/p>\n<p>[\/vc_column_text][\/vc_column_inner][\/vc_row_inner][vc_column_text]\n\n\n<div id=\"wpv-view-layout-180\" class=\"js-wpv-view-layout js-wpv-layout-responsive js-wpv-view-layout-180\" data-viewnumber=\"180\" data-pagination=\"{&quot;id&quot;:180,&quot;query&quot;:&quot;normal&quot;,&quot;type&quot;:&quot;disabled&quot;,&quot;effect&quot;:&quot;fade&quot;,&quot;duration&quot;:500,&quot;speed&quot;:5,&quot;pause_on_hover&quot;:&quot;disabled&quot;,&quot;stop_rollover&quot;:&quot;false&quot;,&quot;cache_pages&quot;:&quot;enabled&quot;,&quot;preload_images&quot;:&quot;enabled&quot;,&quot;preload_pages&quot;:&quot;enabled&quot;,&quot;preload_reach&quot;:1,&quot;spinner&quot;:&quot;builtin&quot;,&quot;spinner_image&quot;:&quot;https:\/\/montrealtenniscoach.com\/wp-content\/plugins\/wp-views\/embedded\/res\/img\/ajax-loader.gif&quot;,&quot;callback_next&quot;:&quot;&quot;,&quot;manage_history&quot;:&quot;enabled&quot;,&quot;has_controls_in_form&quot;:&quot;disabled&quot;,&quot;infinite_tolerance&quot;:&quot;0&quot;,&quot;max_pages&quot;:0,&quot;page&quot;:1,&quot;base_permalink&quot;:&quot;\/fr\/wp-json\/wp\/v2\/pages\/184?wpv_view_count=180&amp;wpv_paged=WPV_PAGE_NUM&quot;,&quot;loop&quot;:{&quot;type&quot;:&quot;&quot;,&quot;name&quot;:&quot;&quot;,&quot;data&quot;:[],&quot;id&quot;:0}}\" data-permalink=\"\/fr\/wp-json\/wp\/v2\/pages\/184?wpv_view_count=180\">\n\n\t\n\t\n\t\t\n          \n          <div class=\"vc_row service-listed\"><div class=\"wpb-content-wrapper\"><div class=\"vc_row grid_section\"><div class=\"section_inner clearfix\"><div class=\"section_inner_margin clearfix\">\n  <div class=\"vc_col-sm-6 text-left\">\n    <p class=\"h2 m-t-0 p-t-0\">Programme de D\u00e9veloppement Junior<\/p>\n    <p style=\"padding-left:20px;\"><ul>\n<li>Entra\u00eenement sp\u00e9cialis\u00e9 pour jeunes athl\u00e8tes de 4 ans et plus, ax\u00e9 sur les fondamentaux, la technique et l&rsquo;esprit sportif.<\/li>\n<li>Conditionnement physique et d\u00e9veloppement des comp\u00e9tences adapt\u00e9s \u00e0 l&rsquo;\u00e2ge pour favoriser la croissance et l&rsquo;esprit de comp\u00e9tition.<\/li>\n<li>Tarif : 60 $\/heure pour les priv\u00e9s, 90 $\/heure pour un groupe de 2, appeler pour les groupes plus larges.<\/li>\n<\/ul>\n<\/p>\n  <\/div>\n  <div class=\"vc_col-sm-6 text-left\">\n    <div class=\"wpb_single_image wpb_content_element\">\n      <div class=\"wpb_wrapper text-center\">\n        <div class=\"vc_single_image-wrapper vc_box_shadow_border vc_box_border_grey\">\n          <img decoding=\"async\" class=\"vc_single_image-img \" src=\"https:\/\/montrealtenniscoach.com\/wp-content\/uploads\/2017\/08\/tennis-junior-wpcf_300x300.jpeg\">\n        <\/div>\n      <\/div>\n    <\/div>\n  <\/div>\n<\/div><\/div><\/div><\/div><\/div>\n          \n          \n          <div class=\"vc_row service-listed\"><div class=\"wpb-content-wrapper\"><div class=\"vc_row grid_section\"><div class=\"section_inner clearfix\"><div class=\"section_inner_margin clearfix\">\n  <div class=\"vc_col-sm-6 text-right\">\n    <div class=\"wpb_single_image wpb_content_element\">\n      <div class=\"wpb_wrapper text-center\">\n        <div class=\"vc_single_image-wrapper vc_box_shadow_border vc_box_border_grey text-center\">\n          <img decoding=\"async\" class=\"vc_single_image-img \" src=\"https:\/\/montrealtenniscoach.com\/wp-content\/uploads\/2017\/08\/tennis-adult-wpcf_300x300.jpg\">\n        <\/div>\n      <\/div>\n    <\/div>\n  <\/div>\n  <div class=\"vc_col-sm-6 text-left\">\n    <p class=\"h2 m-t-0 p-t-0\">S\u00e9ances d'Entra\u00eenement pour Adultes<\/p>\n    <p><ul>\n<li>Entra\u00eenement individuel adapt\u00e9 aux objectifs personnels, des d\u00e9butants aux comp\u00e9titeurs avanc\u00e9s.<\/li>\n<li>Retour personnalis\u00e9 et d\u00e9veloppement de strat\u00e9gie, incluant une analyse vid\u00e9o pour l&rsquo;am\u00e9lioration de la technique.<\/li>\n<li>Tarif : 70 $\/heure.<\/li>\n<\/ul>\n<\/p>\n  <\/div>\n<\/div><\/div><\/div><\/div><\/div>\n\t\t\n          \n          <div class=\"vc_row service-listed\"><div class=\"wpb-content-wrapper\"><div class=\"vc_row grid_section\"><div class=\"section_inner clearfix\"><div class=\"section_inner_margin clearfix\">\n  <div class=\"vc_col-sm-6 text-left\">\n    <p class=\"h2 m-t-0 p-t-0\">Ateliers de Groupe Personnalis\u00e9s<\/p>\n    <p style=\"padding-left:20px;\"><ul>\n<li>S\u00e9ances de groupe flexibles con\u00e7ues autour de comp\u00e9tences sp\u00e9cifiques, strat\u00e9gies ou activit\u00e9s de renforcement d&rsquo;\u00e9quipe.<\/li>\n<li>Id\u00e9al pour les familles, amis ou \u00e9quipes cherchant \u00e0 s&rsquo;am\u00e9liorer ensemble dans un environnement amusant et structur\u00e9.<\/li>\n<li>Tarif : \u00c0 partir de 100 $\/heure pour 2 adultes.<\/li>\n<\/ul>\n<\/p>\n  <\/div>\n  <div class=\"vc_col-sm-6 text-left\">\n    <div class=\"wpb_single_image wpb_content_element\">\n      <div class=\"wpb_wrapper text-center\">\n        <div class=\"vc_single_image-wrapper vc_box_shadow_border vc_box_border_grey\">\n          <img decoding=\"async\" class=\"vc_single_image-img \" src=\"https:\/\/montrealtenniscoach.com\/wp-content\/uploads\/2024\/04\/tennis-group-wpcf_300x300.jpeg\">\n        <\/div>\n      <\/div>\n    <\/div>\n  <\/div>\n<\/div><\/div><\/div><\/div><\/div>\n          \n          \n          <div class=\"vc_row service-listed\"><div class=\"wpb-content-wrapper\"><div class=\"vc_row grid_section\"><div class=\"section_inner clearfix\"><div class=\"section_inner_margin clearfix\">\n  <div class=\"vc_col-sm-6 text-right\">\n    <div class=\"wpb_single_image wpb_content_element\">\n      <div class=\"wpb_wrapper text-center\">\n        <div class=\"vc_single_image-wrapper vc_box_shadow_border vc_box_border_grey text-center\">\n          <img decoding=\"async\" class=\"vc_single_image-img \" src=\"https:\/\/montrealtenniscoach.com\/wp-content\/uploads\/2024\/04\/tennis-stringing-wpcf_300x300.jpeg\">\n        <\/div>\n      <\/div>\n    <\/div>\n  <\/div>\n  <div class=\"vc_col-sm-6 text-left\">\n    <p class=\"h2 m-t-0 p-t-0\">Service de Cordage de Raquette de Tennis<\/p>\n    <p><ul>\n<li>Service de cordage expert adapt\u00e9 \u00e0 votre style de jeu, assurant un maximum de puissance, contr\u00f4le et sensation.<\/li>\n<li>D\u00e9lai de r\u00e9alisation rapide &#8211; g\u00e9n\u00e9ralement 24 heures, pour vous retourner sur le court avec des raquettes parfaitement cord\u00e9es sans perdre le rythme.<\/li>\n<li>Recevez des recommandations personnalis\u00e9es de cordes et de tension bas\u00e9es sur votre niveau, style de jeu et les conditions dans lesquelles vous jouez habituellement.<\/li>\n<li>Tarif : \u00c0 partir de 25 $ avec vos propres cordes, \u00e0 partir de 50 $ si vous avez besoin de cordes.<\/li>\n<\/ul>\n<\/p>\n  <\/div>\n<\/div><\/div><\/div><\/div><\/div>\n\t\t\n\t\n\t\n\t\n<\/div>\n[\/vc_column_text][vc_raw_html]PHN0eWxlPmRpdi5wcm9tbyBkaXYud3BiX3dyYXBwZXIgew0KICAgIGJhY2tncm91bmQ6ICNlM2U1OTE7DQogICAgcGFkZGluZzogNDBweDsNCiAgICBib3JkZXI6IDZweCBzb2xpZCAjNDE2MDIwOw0KICAgIG1hcmdpbi1ib3R0b206IDUwcHg7DQp9DQoucHJvbW8gaDMgc3Ryb25nIHsNCiAgICBjb2xvcjogcmVkOw0KfTwvc3R5bGU+[\/vc_raw_html][\/vc_column][\/vc_row]<\/p>\n<\/div>","protected":false},"excerpt":{"rendered":"<p>[vc_row css_animation=\u00a0\u00bb\u00a0\u00bb row_type=\u00a0\u00bbrow\u00a0\u00bb use_row_as_full_screen_section=\u00a0\u00bbno\u00a0\u00bb type=\u00a0\u00bbfull_width\u00a0\u00bb angled_section=\u00a0\u00bbno\u00a0\u00bb text_align=\u00a0\u00bbleft\u00a0\u00bb background_image_as_pattern=\u00a0\u00bbwithout_pattern\u00a0\u00bb][vc_column][vc_row_inner row_type=\u00a0\u00bbrow\u00a0\u00bb type=\u00a0\u00bbgrid\u00a0\u00bb text_align=\u00a0\u00bbleft\u00a0\u00bb css_animation=\u00a0\u00bb\u00a0\u00bb][vc_column_inner][vc_column_text el_class=\u00a0\u00bbpromo\u00a0\u00bb] Offre Sp\u00e9ciale \u00e9t\u00e9 2025 \u2013 Forfait de 10 Le\u00e7ons Faites passer votre jeu au niveau sup\u00e9rieur avec notre forfait de 10 le\u00e7ons !Payez 9 le\u00e7ons \u00e0 l\u2019avance et recevez la 10e GRATUITEMENT.Id\u00e9al&#8230;<\/p>\n","protected":false},"author":1,"featured_media":0,"parent":0,"menu_order":0,"comment_status":"closed","ping_status":"closed","template":"full_width.php","meta":{"footnotes":""},"_links":{"self":[{"href":"https:\/\/montrealtenniscoach.com\/fr\/wp-json\/wp\/v2\/pages\/184"}],"collection":[{"href":"https:\/\/montrealtenniscoach.com\/fr\/wp-json\/wp\/v2\/pages"}],"about":[{"href":"https:\/\/montrealtenniscoach.com\/fr\/wp-json\/wp\/v2\/types\/page"}],"author":[{"embeddable":true,"href":"https:\/\/montrealtenniscoach.com\/fr\/wp-json\/wp\/v2\/users\/1"}],"replies":[{"embeddable":true,"href":"https:\/\/montrealtenniscoach.com\/fr\/wp-json\/wp\/v2\/comments?post=184"}],"version-history":[{"count":3,"href":"https:\/\/montrealtenniscoach.com\/fr\/wp-json\/wp\/v2\/pages\/184\/revisions"}],"predecessor-version":[{"id":1012,"href":"https:\/\/montrealtenniscoach.com\/fr\/wp-json\/wp\/v2\/pages\/184\/revisions\/1012"}],"wp:attachment":[{"href":"https:\/\/montrealtenniscoach.com\/fr\/wp-json\/wp\/v2\/media?parent=184"}],"curies":[{"name":"wp","href":"https:\/\/api.w.org\/{rel}","templated":true}]}}